{"id":392,"date":"2024-11-27T21:14:33","date_gmt":"2024-11-27T21:14:33","guid":{"rendered":"https:\/\/www.editoraplantasdobrasil.com.br\/pronuncia-de-nomes-cientificos\/?page_id=392"},"modified":"2024-12-03T04:18:53","modified_gmt":"2024-12-03T04:18:53","slug":"certificado","status":"publish","type":"page","link":"https:\/\/www.editoraplantasdobrasil.com.br\/pronuncia-de-nomes-cientificos\/certificado\/","title":{"rendered":"Certificado"},"content":{"rendered":"<p>Voc\u00ea poder\u00e1 emitir seu certificado <strong>7 dias<\/strong> ap\u00f3s a libera\u00e7\u00e3o do seu acesso.<\/p>\n","protected":false},"excerpt":{"rendered":"<p>Voc\u00ea poder\u00e1 emitir seu certificado 7 dias ap\u00f3s a libera\u00e7\u00e3o do seu acesso.<\/p>\n","protected":false},"author":1,"featured_media":0,"parent":0,"menu_order":0,"comment_status":"open","ping_status":"closed","template":"","meta":{"_exactmetrics_skip_tracking":false,"_exactmetrics_sitenote_active":false,"_exactmetrics_sitenote_note":"","_exactmetrics_sitenote_category":0,"footnotes":""},"class_list":["post-392","page","type-page","status-publish","hentry"],"_links":{"self":[{"href":"https:\/\/www.editoraplantasdobrasil.com.br\/pronuncia-de-nomes-cientificos\/wp-json\/wp\/v2\/pages\/392","targetHints":{"allow":["GET"]}}],"collection":[{"href":"https:\/\/www.editoraplantasdobrasil.com.br\/pronuncia-de-nomes-cientificos\/wp-json\/wp\/v2\/pages"}],"about":[{"href":"https:\/\/www.editoraplantasdobrasil.com.br\/pronuncia-de-nomes-cientificos\/wp-json\/wp\/v2\/types\/page"}],"author":[{"embeddable":true,"href":"https:\/\/www.editoraplantasdobrasil.com.br\/pronuncia-de-nomes-cientificos\/wp-json\/wp\/v2\/users\/1"}],"replies":[{"embeddable":true,"href":"https:\/\/www.editoraplantasdobrasil.com.br\/pronuncia-de-nomes-cientificos\/wp-json\/wp\/v2\/comments?post=392"}],"version-history":[{"count":4,"href":"https:\/\/www.editoraplantasdobrasil.com.br\/pronuncia-de-nomes-cientificos\/wp-json\/wp\/v2\/pages\/392\/revisions"}],"predecessor-version":[{"id":543,"href":"https:\/\/www.editoraplantasdobrasil.com.br\/pronuncia-de-nomes-cientificos\/wp-json\/wp\/v2\/pages\/392\/revisions\/543"}],"wp:attachment":[{"href":"https:\/\/www.editoraplantasdobrasil.com.br\/pronuncia-de-nomes-cientificos\/wp-json\/wp\/v2\/media?parent=392"}],"curies":[{"name":"wp","href":"https:\/\/api.w.org\/{rel}","templated":true}]}}