{"id":129,"date":"2024-11-26T21:25:33","date_gmt":"2024-11-26T21:25:33","guid":{"rendered":"https:\/\/www.editoraplantasdobrasil.com.br\/pronuncia-de-nomes-cientificos\/?page_id=129"},"modified":"2024-12-10T21:29:57","modified_gmt":"2024-12-10T21:29:57","slug":"silaba-tonica","status":"publish","type":"page","link":"https:\/\/www.editoraplantasdobrasil.com.br\/pronuncia-de-nomes-cientificos\/silaba-tonica\/","title":{"rendered":"S\u00edlaba T\u00f4nica"},"content":{"rendered":"<p><iframe loading=\"lazy\" src=\"https:\/\/www.youtube.com\/embed\/gwJZlpKIjy0?si=FFItVZKdMHvfsHoG?autoplay=1&amp;hd=1&amp;showsearch=0&amp;showinfo=0\" width=\"100%\" height=\"400px\" frameborder=\"0\" allowfullscreen=\"allowfullscreen\"><span style=\"display: inline-block; width: 0px; overflow: hidden; line-height: 0;\" data-mce-type=\"bookmark\" class=\"mce_SELRES_start\">\ufeff<\/span><span style=\"display: inline-block; width: 0px; overflow: hidden; line-height: 0;\" data-mce-type=\"bookmark\" class=\"mce_SELRES_start\">\ufeff<\/span><\/iframe><\/p>\n<p>&nbsp;<\/p>\n<p>A pros\u00f3dia \u00e9 uma parte da gram\u00e1tica que estuda a entona\u00e7\u00e3o, o ritmo e a \u00eanfase na pron\u00fancia das palavras. O estudo da pros\u00f3dia nas palavras de origem latina ajuda a identificar a s\u00edlaba que recebe maior intensidade na pron\u00fancia, pois no latim, assim como no espanhol, portugu\u00eas e no italiano, a s\u00edlaba t\u00f4nica \u00e9 muito importante e faz toda diferen\u00e7a na hora de pronunciar as palavras.<\/p>\n<p>No latim, as palavras podem ser classificadas em tr\u00eas classes quanto a sua tonicidade:<\/p>\n<ul>\n<li aria-level=\"1\"><b>Ox\u00edtonas: <\/b>palavras monossil\u00e1bicas, onde a s\u00edlaba t\u00f4nica \u00e9 a \u00fanica.<\/li>\n<\/ul>\n<p style=\"text-align: center;\"><i>Pan <\/i>\/&#8217;pan\/ (g\u00eanero de chimpanz\u00e9)<\/p>\n<ul>\n<li aria-level=\"1\"><b>Parox\u00edtonas: <\/b>onde a t\u00f4nica \u00e9 a pen\u00faltima s\u00edlaba.<\/li>\n<\/ul>\n<p style=\"text-align: center;\"><i>Eremanthus \u00a0 E-re-<\/i><b><i>man<\/i><\/b><i>-thus \u00a0 <\/i>\/e\u027ee&#8217;m\u00e3ntus\/<\/p>\n<ul>\n<li aria-level=\"1\"><b>Proparox\u00edtonas: <\/b>onde a s\u00edlaba t\u00f4nica \u00e9 a antepen\u00faltima.<\/li>\n<\/ul>\n<p style=\"text-align: center;\"><i>Tribulus <\/i>\u00a0\u00a0<b><i>Tri<\/i><\/b><i>-bu-lus <\/i>\u00a0\u00a0\/&#8217;t\u027eibulus\/<\/p>\n<p>Ao contr\u00e1rio das l\u00ednguas modernas, os nomes cient\u00edficos latinizados n\u00e3o empregam acentua\u00e7\u00e3o gr\u00e1fica. Essa pr\u00e1tica visa preservar a forma original das palavras latinas, que historicamente n\u00e3o utilizavam diacr\u00edticos.<\/p>\n<p>&nbsp;<\/p>\n<h3><b>Separa\u00e7\u00e3o Sil\u00e1bica<\/b><\/h3>\n<p>A separa\u00e7\u00e3o sil\u00e1bica em nomes cient\u00edficos, oriundos do latim, apresenta particularidades em rela\u00e7\u00e3o \u00e0 l\u00edngua portuguesa. Ditongos e d\u00edgrafos, por exemplo, n\u00e3o seguem as mesmas regras. No g\u00eanero <i>Eugenia<\/i>, as vogais &lt;e&gt; e &lt;a&gt; n\u00e3o formam um ditongo, mas sim um hiato, sendo assim separadas em s\u00edlabas distintas (Eu-ge-ni-a). D\u00edgrafos, por sua vez, representam um \u00fanico fonema e n\u00e3o s\u00e3o divididos na separa\u00e7\u00e3o sil\u00e1bica.<\/p>\n<p style=\"text-align: center;\"><strong><i>Eugenia<\/i><\/strong><\/p>\n<p style=\"text-align: center;\">Em portugu\u00eas:<b> Eu-ge-n<\/b><b>ia<\/b><\/p>\n<p style=\"text-align: center;\">No Latim Cient\u00edfico: <b>Eu-ge-n<\/b><b>i-a<\/b><\/p>\n<p style=\"text-align: center;\">Sugest\u00e3o: <b>usar o chat GPT<\/b><\/p>\n<p>&nbsp;<\/p>\n<h2><strong>A Evolu\u00e7\u00e3o da S\u00edlaba T\u00f4nica<\/strong><\/h2>\n<p>No latim cl\u00e1ssico, a tend\u00eancia era que a s\u00edlaba t\u00f4nica reca\u00edsse na pen\u00faltima s\u00edlaba. No entanto, havia muitas exce\u00e7\u00f5es e varia\u00e7\u00f5es.<\/p>\n<p>No latim vulgar, que deu origem \u00e0s l\u00ednguas rom\u00e2nicas, as varia\u00e7\u00f5es pros\u00f3dicas eram ainda mais frequentes, influenciando diretamente a forma\u00e7\u00e3o das regras de acentua\u00e7\u00e3o no portugu\u00eas, espanhol, italiano e outras l\u00ednguas derivadas do latim.<\/p>\n<p>Atualmente no latim cient\u00edfico, a posi\u00e7\u00e3o da s\u00edlaba t\u00f4nica segue regras mais espec\u00edficas, geralmente recaindo sobre a pen\u00faltima s\u00edlaba, se esta for longa, tornando ela uma parox\u00edtona. Caso contr\u00e1rio, a tonicidade recai sobre a antepen\u00faltima s\u00edlaba, uma proparox\u00edtoma nesse caso.<\/p>\n<p>A identifica\u00e7\u00e3o da s\u00edlaba t\u00f4nica nos nomes bot\u00e2nicos \u00e9 crucial para a pron\u00fancia correta. Para tanto, algumas regras devem ser analisadas:<\/p>\n<p>&nbsp;<\/p>\n<h3><b>Lei da Persist\u00eancia da S\u00edlaba T\u00f4nica<\/b><\/h3>\n<p>Trata-se de um conceito lingu\u00edstico que descreve um fen\u00f4meno observado na evolu\u00e7\u00e3o das l\u00ednguas rom\u00e2nicas, particularmente no que diz respeito \u00e0s transforma\u00e7\u00f5es fonol\u00f3gicas do latim para as l\u00ednguas derivadas, como o portugu\u00eas, o espanhol e o italiano. Essa lei postula que, apesar das mudan\u00e7as fon\u00e9ticas e morfol\u00f3gicas que ocorrem ao longo do tempo lingu\u00edstico, a s\u00edlaba t\u00f4nica das palavras tende a se manter na mesma posi\u00e7\u00e3o que ocupava na l\u00edngua de origem.<\/p>\n<p style=\"text-align: center;\"><i>Zizyphus\u00a0 <\/i><b><i>\u00a0Zi<\/i><\/b><i>-zy-phus\u00a0 <\/i><b><i>\u00a0<\/i><\/b>(oriundo do grego antigo &lt;zizifo&gt; \/\u02c8zizifo\/)<\/p>\n<p style=\"text-align: center;\"><i>Z. minima \u00a0 <\/i><b><i>mi<\/i><\/b><i>-ni-ma\u00a0 <\/i>\u00a0(oriundo de latim &lt;mininus&gt; \/\u02c8minimus\/)<\/p>\n<p style=\"text-align: center;\"><i>Mimosa \u00a0 Mi-<\/i><b><i>mo<\/i><\/b><i>-sa<\/i>\u00a0 (oriundo do latim &lt;mimosus&gt; \/mi&#8217;m\u0254za\/)<\/p>\n<p style=\"text-align: center;\"><i>C. gongonha<\/i>\u00a0 <i>\u00a0gon-<\/i><b><i>go<\/i><\/b><i>-nha <\/i>\u00a0\u00a0(oriundo do tupi-guarani &lt;gongonha&gt; \/gon&#8217;go\u0272a\/<\/p>\n<ul>\n<li style=\"list-style-type: none;\"><\/li>\n<\/ul>\n<p>&nbsp;<\/p>\n<h3><b>Lei do Trissilabismo<\/b><\/h3>\n<p>Essa lei postula que n\u00e3o \u00e9 poss\u00edvel a s\u00edlaba t\u00f4nica estar al\u00e9m da antepen\u00faltima s\u00edlaba. Sendo assim, n\u00e3o existe no latim palavras bisesdr\u00faxulas, isto \u00e9, com s\u00edlaba t\u00f4nica na pr\u00e9-antepen\u00faltima s\u00edlaba.<\/p>\n<p style=\"text-align: center;\"><i>Astrocaryum<\/i><b><i> \u00a0 <\/i><\/b><i>As-tro-<\/i><b><i>ca<\/i><\/b><i>-ry-um\u00a0 <\/i>\u00a0\/astro&#8217;ka\u027eium\/<\/p>\n<p style=\"text-align: center;\"><i>Dendrophorbium<\/i> \u00a0 <i>Den-dro-<\/i><b><i>phor<\/i><\/b><i>-bi-um<\/i> \u00a0 \/dendro&#8217;f\u0254rbium\/<\/p>\n<p>&nbsp;<\/p>\n<h3><b>Lei da Pen\u00faltima<\/b><\/h3>\n<p>Essa regra \u00e9 fundamental para a tonicidade da maioria dos nomes bot\u00e2nicos. Essa regra estabelece que, se a pen\u00faltima s\u00edlaba de uma palavra for longa, trata-se de uma parox\u00edtona; mas se for curta, \u00e9 uma proparox\u00edtona.<\/p>\n<p>A pen\u00faltima s\u00edlaba \u00e9 tida como longa se: 1) a vogal da pen\u00faltima s\u00edlaba for seguida de duas ou mais consoantes; 2) se a vogal da pen\u00faltima s\u00edlaba for seguida de &lt;j, v, x, z&gt;; 3) se a pen\u00faltima s\u00edlaba \u00e9 um ditongo ou tritongo; e 4) se existe ditongo ou tritongo na \u00faltima s\u00edlaba.<\/p>\n<p style=\"text-align: center;\"><i>Acritopappus \u00a0 A-cri-to-pa-<\/i><b><i>pp<\/i><\/b><i>us<\/i> \u00a0 \/a\u027ekito&#8217;papus\/ (seguida de duas consoantes)<\/p>\n<p style=\"text-align: center;\"><i>D. erythrorhiza \u00a0 e-ry-thro-rhi-<\/i><b><i>z<\/i><\/b><i>a<\/i> \u00a0\u00a0\/e\u027eitro&#8217;riza\/ (seguida de &lt;z&gt;)<\/p>\n<p style=\"text-align: center;\"><i>Nymphaea \u00a0 Nym-ph<\/i><b><i>ae<\/i><\/b><i>-a<\/i> \u00a0 \/nim&#8217;f\u025ba\/ (ditongo na pen\u00faltima s\u00edlaba)<\/p>\n<p style=\"text-align: center;\"><i>M. jaraguae <\/i>\u00a0\u00a0<i>ja-ra-g<\/i><b><i>uae<\/i><\/b> \u00a0\u00a0\/\u0292a&#8217;\u027eagwe\/ (tritongo na pen\u00faltima s\u00edlaba)<\/p>\n<p>&nbsp;<\/p>\n<p>A Lei da Pen\u00faltima estabelece tamb\u00e9m que, se a vogal da pen\u00faltima s\u00edlaba \u00e9 seguida de outra vogal ou da letra &lt;h&gt;, a palavra \u00e9 proparox\u00edtona, ou seja, a pen\u00faltima s\u00edlaba \u00e9 curta.<\/p>\n<p style=\"text-align: center;\"><i>Begonia \u00a0 Be-go-n<\/i><b><i>i-a <\/i><\/b><i>\u00a0\u00a0<\/i>\/be&#8217;gonia\/ (seguida de outra vogal)<\/p>\n<p style=\"text-align: center;\"><i>Manihot <\/i>\u00a0<i>\u00a0Ma-n<\/i><b><i>i-h<\/i><\/b><i>ot<\/i> \u00a0 \/&#8217;mani\u0254t\/ (seguida da letra &lt;h&gt;)<\/p>\n<p>&nbsp;<\/p>\n<p>Al\u00e9m disso, essa lei determina que, em palavras com duas s\u00edlabas, a t\u00f4nica deve recair sobre a pen\u00faltima s\u00edlaba.<\/p>\n<p style=\"text-align: center;\"><i>Rosa <\/i><b><i>\u00a0\u00a0Ro<\/i><\/b><i>-sa\u00a0 <\/i>\u00a0\/&#8217;r\u0254za\/<\/p>\n<p style=\"text-align: center;\"><i>Ficus <\/i><b>\u00a0<\/b>\u00a0<b><i>Fi<\/i><\/b><i>-cus<\/i> \u00a0 \/&#8217;fikus\/<\/p>\n<p>&nbsp;<\/p>\n<p>Nesse contexto, \u00e9 importante destacar que existe um fen\u00f4meno fonol\u00f3gico relacionado \u00e0 <b>baritoniza\u00e7\u00e3o<\/b>, que descreve a altera\u00e7\u00e3o no padr\u00e3o de tonicidade das palavras, especialmente em certos contextos lingu\u00edsticos.<\/p>\n<p style=\"text-align: center;\"><i>D. kaki <\/i>(do japon\u00eas kak\u00ed) \u00a0 <b><i>ka<\/i><\/b><i>-ki <\/i>\u00a0\u00a0\/&#8217;kaki\/<\/p>\n<p style=\"text-align: center;\"><i>Inga<\/i> (do tupi ing\u00e1)\u00a0 <i>\u00a0<\/i><b><i>In<\/i><\/b><i>-ga <\/i>\u00a0\u00a0\/&#8217;inga\/<\/p>\n<p>&nbsp;<\/p>\n<p>&nbsp;<\/p>\n<h2><b>Chave Dicot\u00f4mica para Classifica\u00e7\u00e3o de Palavras Quanto \u00e0 S\u00edlaba T\u00f4nica<\/b><\/h2>\n<ol>\n<li aria-level=\"1\"><b>A palavra \u00e9 monoss\u00edlaba?<\/b>\n<ul>\n<li aria-level=\"2\"><b>Sim<\/b> \u2794 <b>Ox\u00edtona<\/b><\/li>\n<li aria-level=\"2\"><b>N\u00e3o<\/b> \u2794 V\u00e1 para o pr\u00f3ximo passo.<\/li>\n<\/ul>\n<\/li>\n<li aria-level=\"1\"><b>A palavra \u00e9 diss\u00edlaba?<\/b>\n<ul>\n<li aria-level=\"2\"><b>Sim<\/b> \u2794 <b>Parox\u00edtona<\/b><\/li>\n<li aria-level=\"2\"><b>N\u00e3o<\/b> \u2794 Continue para o pr\u00f3ximo passo.<\/li>\n<\/ul>\n<\/li>\n<li aria-level=\"1\"><b>A vogal da pen\u00faltima s\u00edlaba \u00e9 seguida de duas consoantes ou das letras &lt;j, v, x, z&gt;?<\/b>\n<ul>\n<li aria-level=\"2\"><b>Sim<\/b> \u2794 <b>Parox\u00edtona<\/b><\/li>\n<li aria-level=\"2\"><b>N\u00e3o<\/b> \u2794 Continue para o pr\u00f3ximo passo.<\/li>\n<\/ul>\n<\/li>\n<li aria-level=\"1\"><b>A pen\u00faltima s\u00edlaba cont\u00e9m ditongo ou tritongo?<\/b>\n<ul>\n<li aria-level=\"2\"><b>Sim<\/b> \u2794 <b>Parox\u00edtona<\/b><\/li>\n<li aria-level=\"2\"><b>N\u00e3o<\/b> \u2794 Continue para o pr\u00f3ximo passo.<\/li>\n<\/ul>\n<\/li>\n<li aria-level=\"1\"><b>A \u00faltima s\u00edlaba cont\u00e9m ditongo ou tritongo?<\/b>\n<ul>\n<li aria-level=\"2\"><b>Sim<\/b> \u2794 <b>Parox\u00edtona<\/b><\/li>\n<li aria-level=\"2\"><b>N\u00e3o<\/b> \u2794 Continue para o pr\u00f3ximo passo.<\/li>\n<\/ul>\n<\/li>\n<li aria-level=\"1\"><b>A vogal da pen\u00faltima s\u00edlaba \u00e9 seguida de outra vogal ou da letra &lt;h&gt;?<\/b>\n<ul>\n<li aria-level=\"2\"><b>Sim<\/b> \u2794 <b>Proparox\u00edtona<\/b><\/li>\n<li aria-level=\"2\"><b>N\u00e3o<\/b> \u2794 <b>Aplicar a Lei da Persist\u00eancia da S\u00edlaba T\u00f4nica<\/b><\/li>\n<\/ul>\n<\/li>\n<\/ol>\n<p>&nbsp;<\/p>\n<p>&nbsp;<\/p>\n","protected":false},"excerpt":{"rendered":"<p>\ufeff\ufeff &nbsp; A pros\u00f3dia \u00e9 uma parte da gram\u00e1tica que estuda a entona\u00e7\u00e3o, o ritmo e a \u00eanfase na pron\u00fancia das palavras. O estudo da pros\u00f3dia nas palavras de origem latina ajuda a identificar a s\u00edlaba que recebe maior intensidade na pron\u00fancia, pois no latim, assim como no espanhol, portugu\u00eas e no italiano, a s\u00edlaba [&hellip;]<\/p>\n","protected":false},"author":1,"featured_media":0,"parent":0,"menu_order":0,"comment_status":"open","ping_status":"closed","template":"","meta":{"_exactmetrics_skip_tracking":false,"_exactmetrics_sitenote_active":false,"_exactmetrics_sitenote_note":"","_exactmetrics_sitenote_category":0,"footnotes":""},"class_list":["post-129","page","type-page","status-publish","hentry"],"_links":{"self":[{"href":"https:\/\/www.editoraplantasdobrasil.com.br\/pronuncia-de-nomes-cientificos\/wp-json\/wp\/v2\/pages\/129","targetHints":{"allow":["GET"]}}],"collection":[{"href":"https:\/\/www.editoraplantasdobrasil.com.br\/pronuncia-de-nomes-cientificos\/wp-json\/wp\/v2\/pages"}],"about":[{"href":"https:\/\/www.editoraplantasdobrasil.com.br\/pronuncia-de-nomes-cientificos\/wp-json\/wp\/v2\/types\/page"}],"author":[{"embeddable":true,"href":"https:\/\/www.editoraplantasdobrasil.com.br\/pronuncia-de-nomes-cientificos\/wp-json\/wp\/v2\/users\/1"}],"replies":[{"embeddable":true,"href":"https:\/\/www.editoraplantasdobrasil.com.br\/pronuncia-de-nomes-cientificos\/wp-json\/wp\/v2\/comments?post=129"}],"version-history":[{"count":16,"href":"https:\/\/www.editoraplantasdobrasil.com.br\/pronuncia-de-nomes-cientificos\/wp-json\/wp\/v2\/pages\/129\/revisions"}],"predecessor-version":[{"id":569,"href":"https:\/\/www.editoraplantasdobrasil.com.br\/pronuncia-de-nomes-cientificos\/wp-json\/wp\/v2\/pages\/129\/revisions\/569"}],"wp:attachment":[{"href":"https:\/\/www.editoraplantasdobrasil.com.br\/pronuncia-de-nomes-cientificos\/wp-json\/wp\/v2\/media?parent=129"}],"curies":[{"name":"wp","href":"https:\/\/api.w.org\/{rel}","templated":true}]}}