{"id":125,"date":"2024-11-26T21:25:21","date_gmt":"2024-11-26T21:25:21","guid":{"rendered":"https:\/\/www.editoraplantasdobrasil.com.br\/pronuncia-de-nomes-cientificos\/?page_id=125"},"modified":"2024-12-03T04:44:04","modified_gmt":"2024-12-03T04:44:04","slug":"radicais-e-afixos","status":"publish","type":"page","link":"https:\/\/www.editoraplantasdobrasil.com.br\/pronuncia-de-nomes-cientificos\/radicais-e-afixos\/","title":{"rendered":"Radicais e Afixos"},"content":{"rendered":"<p>Este material estar\u00e1 dispon\u00edvel <strong>3 dias<\/strong> ap\u00f3s a libera\u00e7\u00e3o do seu acesso.<\/p>\n","protected":false},"excerpt":{"rendered":"<p>Este material estar\u00e1 dispon\u00edvel 3 dias ap\u00f3s a libera\u00e7\u00e3o do seu acesso.<\/p>\n","protected":false},"author":1,"featured_media":0,"parent":0,"menu_order":0,"comment_status":"open","ping_status":"closed","template":"","meta":{"_exactmetrics_skip_tracking":false,"_exactmetrics_sitenote_active":false,"_exactmetrics_sitenote_note":"","_exactmetrics_sitenote_category":0,"footnotes":""},"class_list":["post-125","page","type-page","status-publish","hentry"],"_links":{"self":[{"href":"https:\/\/www.editoraplantasdobrasil.com.br\/pronuncia-de-nomes-cientificos\/wp-json\/wp\/v2\/pages\/125","targetHints":{"allow":["GET"]}}],"collection":[{"href":"https:\/\/www.editoraplantasdobrasil.com.br\/pronuncia-de-nomes-cientificos\/wp-json\/wp\/v2\/pages"}],"about":[{"href":"https:\/\/www.editoraplantasdobrasil.com.br\/pronuncia-de-nomes-cientificos\/wp-json\/wp\/v2\/types\/page"}],"author":[{"embeddable":true,"href":"https:\/\/www.editoraplantasdobrasil.com.br\/pronuncia-de-nomes-cientificos\/wp-json\/wp\/v2\/users\/1"}],"replies":[{"embeddable":true,"href":"https:\/\/www.editoraplantasdobrasil.com.br\/pronuncia-de-nomes-cientificos\/wp-json\/wp\/v2\/comments?post=125"}],"version-history":[{"count":9,"href":"https:\/\/www.editoraplantasdobrasil.com.br\/pronuncia-de-nomes-cientificos\/wp-json\/wp\/v2\/pages\/125\/revisions"}],"predecessor-version":[{"id":547,"href":"https:\/\/www.editoraplantasdobrasil.com.br\/pronuncia-de-nomes-cientificos\/wp-json\/wp\/v2\/pages\/125\/revisions\/547"}],"wp:attachment":[{"href":"https:\/\/www.editoraplantasdobrasil.com.br\/pronuncia-de-nomes-cientificos\/wp-json\/wp\/v2\/media?parent=125"}],"curies":[{"name":"wp","href":"https:\/\/api.w.org\/{rel}","templated":true}]}}