{"id":113,"date":"2024-11-26T21:24:52","date_gmt":"2024-11-26T21:24:52","guid":{"rendered":"https:\/\/www.editoraplantasdobrasil.com.br\/pronuncia-de-nomes-cientificos\/?page_id=113"},"modified":"2024-12-10T19:22:31","modified_gmt":"2024-12-10T19:22:31","slug":"consoantes","status":"publish","type":"page","link":"https:\/\/www.editoraplantasdobrasil.com.br\/pronuncia-de-nomes-cientificos\/consoantes\/","title":{"rendered":"Consoantes"},"content":{"rendered":"<p><iframe loading=\"lazy\" src=\"https:\/\/www.youtube.com\/embed\/b6lyU7gdP5A?si=FFItVZKdMHvfsHoG?autoplay=1&amp;hd=1&amp;showsearch=0&amp;showinfo=0\" width=\"100%\" height=\"400px\" frameborder=\"0\" allowfullscreen=\"allowfullscreen\"><span style=\"display: inline-block; width: 0px; overflow: hidden; line-height: 0;\" data-mce-type=\"bookmark\" class=\"mce_SELRES_start\">\ufeff<\/span><span style=\"display: inline-block; width: 0px; overflow: hidden; line-height: 0;\" data-mce-type=\"bookmark\" class=\"mce_SELRES_start\">\ufeff<\/span><\/iframe><\/p>\n<p>&nbsp;<\/p>\n<p>No latim cient\u00edfico, as consoantes desempenham um papel fundamental na forma\u00e7\u00e3o das palavras e na constru\u00e7\u00e3o da sonoridade da l\u00edngua. Ao contr\u00e1rio do latim cl\u00e1ssico, que apresentava um conjunto relativamente simples de consoantes, o latim cient\u00edfico expandiu esse conjunto para abarcar sons provenientes de outras l\u00ednguas, como o grego e o alem\u00e3o.<\/p>\n<p>Essa expans\u00e3o resultou em um sistema consonantal mais complexo e rico em nuances, exigindo uma aten\u00e7\u00e3o cuidadosa \u00e0 pron\u00fancia e \u00e0 representa\u00e7\u00e3o fon\u00e9tica.<\/p>\n<p>&nbsp;<\/p>\n<p><b>Grafema: B<\/b><\/p>\n<ul>\n<li style=\"text-align: left;\"><b>\/b\/<\/b> como em &lt;barco&gt; \/&#8217;barko\/<\/li>\n<\/ul>\n<p style=\"text-align: center;\"><i>Bombax<\/i> \u00a0 \/&#8217;bombax\/<\/p>\n<p style=\"text-align: center;\"><i>Brosimum<\/i> \u00a0 \/&#8217;br\u0254zimum\/<\/p>\n<p>&nbsp;<\/p>\n<p><b>Grafema: C<\/b><\/p>\n<ul>\n<li style=\"text-align: left;\"><b>\/k\/<\/b> &lt;ca, co, cu, cw, ca-e, co-e&gt; como em &lt;cor&gt; \/&#8217;cor\/<\/li>\n<\/ul>\n<p style=\"text-align: center;\"><i>Coccoloba\u00a0 \u00a0 <\/i>\/koko&#8217;l\u0254ba\/<\/p>\n<p style=\"text-align: center;\"><i>Hecastophyllum <\/i>\u00a0\u00a0\/ekasto&#8217;filum\/<\/p>\n<p>&nbsp;<\/p>\n<ul>\n<li style=\"text-align: left;\"><b>\/s\/<\/b> &lt;ce, ci, cy, cae, coe&gt; como em &lt;cip\u00f3&gt; \/si&#8217;p\u0254\/<\/li>\n<\/ul>\n<p style=\"text-align: center;\"><i>Leucena<\/i> \u00a0 \/lew&#8217;sena\/<\/p>\n<p style=\"text-align: center;\"><i>Caesalpinia <\/i>\u00a0\u00a0\/sezal&#8217;pinia\/<\/p>\n<p>&nbsp;<\/p>\n<p><b>Grafema: D<\/b><\/p>\n<ul>\n<li style=\"text-align: left;\"><b>\/d\/<\/b> como em &lt;dedo&gt; \/&#8217;dedo\/<\/li>\n<\/ul>\n<p style=\"text-align: center;\"><i>Dipteryx \u00a0 <\/i>\/&#8217;dipte\u027eiks\/<\/p>\n<p style=\"text-align: center;\"><i>Dyckia <\/i>\u00a0\u00a0\/&#8217;dikia\/<\/p>\n<p>&nbsp;<\/p>\n<p><b>Grafema: F<\/b><\/p>\n<ul>\n<li style=\"text-align: left;\"><b>\/f\/<\/b> como em &lt;favo&gt; \/&#8217;favo\/<\/li>\n<\/ul>\n<p style=\"text-align: center;\"><i>Ficus<\/i> \u00a0 \/&#8217;fikus\/<\/p>\n<p style=\"text-align: center;\"><i>Filago <\/i>\u00a0\u00a0\/fi&#8217;lago\/<\/p>\n<p>&nbsp;<\/p>\n<p><b>Grafema: G<\/b><\/p>\n<ul>\n<li style=\"text-align: left;\"><b>\/g\/<\/b> &lt;ga, go, gu, ga-e, go-e&gt; como em &lt;gato &gt; \/&#8217;gato\/<\/li>\n<\/ul>\n<p style=\"text-align: center;\"><i>Gordonia<\/i> \u00a0 \/g\u0254\u027e&#8217;donia\/<\/p>\n<p style=\"text-align: center;\"><i>Galactia <\/i>\u00a0\u00a0\/ga&#8217;laksia\/<\/p>\n<p>&nbsp;<\/p>\n<ul>\n<li style=\"text-align: left;\"><b>\/\u0292\/<\/b> &lt;ge, gi, gy, gae&gt; como em &lt;gelo&gt; \/&#8217;\u0292elo\/<\/li>\n<\/ul>\n<p style=\"text-align: center;\"><i>Gymnopogon <\/i>\u00a0\u00a0\/\u0292imno&#8217;p\u0254gon\/<\/p>\n<p style=\"text-align: center;\"><i>Georgina <\/i>\u00a0\u00a0\/\u0292eo\u027e&#8217;\u0292ina\/<\/p>\n<p>&nbsp;<\/p>\n<ul>\n<li style=\"text-align: left;\"><b>\/gw\/<\/b> &lt;gu+<i>vogal<\/i>, gw+<i>vogal<\/i>&gt;como em &lt;\u00e1gua&gt; \/&#8217;agwa\/<\/li>\n<\/ul>\n<p style=\"text-align: center;\"><i>Guapira<\/i> \u00a0 \/gwa&#8217;pira\/<\/p>\n<p style=\"text-align: center;\"><i>Guettarda <\/i>\u00a0\u00a0\/gwe&#8217;ta\u027eda\/<\/p>\n<p><b>Grafema: H<\/b><\/p>\n<ul>\n<li style=\"text-align: left;\"><b>\/-\/<\/b> como em &lt;hiper&gt; \/&#8217;iper\/<\/li>\n<\/ul>\n<p style=\"text-align: center;\"><i>Haemanthus \u00a0 <\/i>\/e&#8217;m\u00e3ntus\/<\/p>\n<p style=\"text-align: center;\"><i>Hippobroma <\/i>\u00a0\u00a0\/ipo&#8217;b\u027eoma\/<\/p>\n<p>&nbsp;<\/p>\n<p><b>Grafema: J<\/b><\/p>\n<ul>\n<li style=\"text-align: left;\"><b>\/\u0292\/<\/b> como em &lt;jil\u00f3&gt; \/\u0292i&#8217;l\u0254\/<\/li>\n<\/ul>\n<p style=\"text-align: center;\"><i>Jaegeria \u00a0 <\/i>\/\u0292e&#8217;\u0292\u025b\u027eia\/<\/p>\n<p style=\"text-align: center;\"><i>Jennyella\u00a0 <\/i>\u00a0\/\u0292eni&#8217;\u025bla\/<\/p>\n<p>&nbsp;<\/p>\n<p><b>Grafema: K<\/b><\/p>\n<ul>\n<li style=\"text-align: left;\"><b>\/k\/<\/b> como em &lt;kit&gt; \/&#8217;kit\/<\/li>\n<\/ul>\n<p style=\"text-align: center;\"><i>Kaempfera <\/i>\u00a0\u00a0\/kemp&#8217;f\u025b\u027ea\/<\/p>\n<p style=\"text-align: center;\"><i>Kalanchoe\u00a0 <\/i>\u00a0\/ka&#8217;lankoe\/<\/p>\n<p>&nbsp;<\/p>\n<p><b>Grafema: L<\/b><\/p>\n<ul>\n<li style=\"text-align: left;\"><b>\/l\/<\/b> como em &lt;l\u00e3&gt; \/&#8217;l\u00e3\/<\/li>\n<\/ul>\n<p style=\"text-align: center;\"><i>Aloe<\/i>\u00a0 \/&#8217;aloe\/<\/p>\n<p style=\"text-align: center;\"><i>Lobelia <\/i>\u00a0\u00a0\/lo&#8217;b\u025blia\/<\/p>\n<p>&nbsp;<\/p>\n<p><b>Grafema: M<\/b><\/p>\n<ul>\n<li style=\"text-align: left;\"><b>\/m\/<\/b> como em &lt;mala&gt; \/&#8217;mala\/<\/li>\n<\/ul>\n<p style=\"text-align: center;\"><i>Mikania \u00a0 <\/i>\/mi&#8217;k\u00e3nia\/<\/p>\n<p style=\"text-align: center;\"><i>Manihot<\/i> \u00a0 \/&#8217;m\u00e3ni\u0254t\/<\/p>\n<p>&nbsp;<\/p>\n<p><b>Grafema: N<\/b><\/p>\n<ul>\n<li style=\"text-align: left;\"><b>\/n\/<\/b> como em &lt;nada&gt; \/&#8217;nada\/<\/li>\n<\/ul>\n<p style=\"text-align: center;\"><i>Nectandra <\/i>\u00a0\u00a0\/nek&#8217;t\u00e3nd\u027ea\/<\/p>\n<p style=\"text-align: center;\"><i>Notocactus <\/i>\u00a0\u00a0\/n\u0254to&#8217;kaktus\/<\/p>\n<p>&nbsp;<\/p>\n<p><b>Grafema: P<\/b><\/p>\n<ul>\n<li style=\"text-align: left;\"><b>\/p\/<\/b> como em &lt;paz&gt; \/&#8217;paz\/<\/li>\n<\/ul>\n<p style=\"text-align: center;\"><i>Paubrasilia\u00a0 <\/i>\u00a0\/pawb\u027ea&#8217;zilia\/<\/p>\n<p style=\"text-align: center;\"><i>Paepalanthus \u00a0 <\/i>\/pepa&#8217;l\u00e3ntus\/<\/p>\n<p>&nbsp;<\/p>\n<p><b>Grafema: Q<\/b><\/p>\n<ul>\n<li style=\"text-align: left;\"><b>\/k\/<\/b> como em &lt;quente&gt; \/&#8217;kente\/<\/li>\n<\/ul>\n<p style=\"text-align: center;\"><i>Qiliania \u00a0 <\/i>\/kili&#8217;\u00e3nia\/<\/p>\n<p>&nbsp;<\/p>\n<ul>\n<li style=\"text-align: left;\"><b>\/kw\/<\/b> &lt;qu+<i>vogal<\/i>, qw+<i>vogal<\/i>&gt; como em &lt;quadro&gt; \/&#8217;kwad\u027eo\/<\/li>\n<\/ul>\n<p style=\"text-align: center;\"><i>Quillaja  \u00a0 <\/i>\/kwi&#8217;laya\/<\/p>\n<p style=\"text-align: center;\"><i>Quaternella <\/i>\u00a0\u00a0\/kwate\u027e&#8217;n\u025bla\/<\/p>\n<p>&nbsp;<\/p>\n<p><b>Grafema: R<\/b><\/p>\n<ul>\n<li style=\"text-align: left;\"><b>\/r\/<\/b> &lt;inicial, inicial de radical&gt; como em &lt;rato&gt; \/&#8217;rato\/<\/li>\n<\/ul>\n<p style=\"text-align: center;\"><i>Rudgea <\/i>\u00a0\u00a0\/&#8217;rud\u0292\u025ba\/<\/p>\n<p style=\"text-align: center;\"><i>Neoregelia<\/i> \u00a0 \/\u02c8n\u025bore&#8217;\u0292\u025blia\/<\/p>\n<p>&nbsp;<\/p>\n<ul>\n<li style=\"text-align: left;\"><b>\/\u027e\/<\/b> &lt;intervoc\u00e1lico, final de s\u00edlaba&gt; como em &lt;caro&gt; \/&#8217;ka\u027eo\/<\/li>\n<\/ul>\n<p style=\"text-align: center;\"><i>Arenaria<\/i> \u00a0 \/a\u027ee\u02c8na\u027eia\/<\/p>\n<p style=\"text-align: center;\"><i>Barbarea <\/i>\u00a0\u00a0\/ba\u027e&#8217;ba\u027eea\/<\/p>\n<p>&nbsp;<\/p>\n<p><b>Grafema: S<\/b><\/p>\n<ul>\n<li style=\"text-align: left;\"><b>\/s\/<\/b> &lt;inicial, inicial de radical, final de s\u00edlaba&gt; como em &lt;sopa&gt; \/&#8217;sopa\/<\/li>\n<\/ul>\n<p style=\"text-align: center;\"><i>Sapindus<\/i> \u00a0 \/sa&#8217;pindus\/<\/p>\n<p style=\"text-align: center;\"><i>Sarcocornia <\/i>\u00a0\u00a0\/sa\u027eko&#8217;k\u0254\u027enia\/<\/p>\n<p>&nbsp;<\/p>\n<ul>\n<li style=\"text-align: left;\"><b>\/z\/<\/b> &lt;intervoc\u00e1lico&gt; como em &lt;mesa&gt; \/&#8217;meza\/<\/li>\n<\/ul>\n<p style=\"text-align: center;\"><i>Rosa<\/i> \u00a0 \/&#8217;r\u0254za\/<\/p>\n<p style=\"text-align: center;\"><i>Pisonia <\/i>\u00a0\u00a0\/pi&#8217;zonia\/<\/p>\n<p>&nbsp;<\/p>\n<p><b>Grafema: T<\/b><\/p>\n<ul>\n<li style=\"text-align: left;\"><b>\/t\/<\/b> como em &lt;tatu&gt; \/ta&#8217;tu\/<\/li>\n<\/ul>\n<p style=\"text-align: center;\"><i>Tabebuia \u00a0 <\/i>\/tabe&#8217;buia\/<\/p>\n<p style=\"text-align: center;\"><i>Thunbergia <\/i><b><i>\u00a0\u00a0<\/i><\/b>\/tun&#8217;b\u025b\u027e\u0292ia\/<\/p>\n<p>&nbsp;<\/p>\n<ul>\n<li style=\"text-align: left;\"><b>\/si\/<\/b> &lt;ti+<i>vogal <\/i>&#8211; exceto incial e antes de s,t,x&gt; como em &lt;<i>impatiens<\/i>&gt; \/im&#8217;pasiens\/<\/li>\n<\/ul>\n<p style=\"text-align: center;\"><i>Gentiana \u00a0 <\/i>\/\u0292ensi&#8217;\u00e3na\/<\/p>\n<p style=\"text-align: center;\"><i>Gratiola<\/i> \u00a0 \/g\u027ea&#8217;siola\/<\/p>\n<p>&nbsp;<\/p>\n<p><b>Grafema: V<\/b><\/p>\n<ul>\n<li style=\"text-align: left;\"><b>\/v\/<\/b> como em &lt;vespa&gt; \/&#8217;vespa\/<\/li>\n<\/ul>\n<p style=\"text-align: center;\"><i>Viviania\u00a0 <\/i>\u00a0\/vivi&#8217;\u00e3nia\/<\/p>\n<p style=\"text-align: center;\"><i>Vochysia\u00a0 \u00a0 <\/i>\/vo&#8217;kizia\/<\/p>\n<p>&nbsp;<\/p>\n<p><b>Grafema: X<\/b><\/p>\n<ul>\n<li style=\"text-align: left;\"><b>\/ks\/<\/b> como em &lt;paradoxo&gt; \/pa\u027ea&#8217;d\u0254xo\/<\/li>\n<\/ul>\n<p style=\"text-align: center;\"><i>Xanthosoma<\/i> \u00a0 \/ks\u00e3nto&#8217;soma\/<\/p>\n<p style=\"text-align: center;\"><i>Xyris <\/i>\u00a0\u00a0\/&#8217;ksi\u027eis\/<\/p>\n<p>&nbsp;<\/p>\n<p><b>Grafema: Z<\/b><\/p>\n<ul>\n<li style=\"text-align: left;\"><b>\/z\/<\/b> como em &lt;zebra&gt; \/&#8217;zeb\u027ea\/<\/li>\n<\/ul>\n<p style=\"text-align: center;\"><i>Zea \u00a0 <\/i>\/&#8217;z\u025ba\/<\/p>\n<p style=\"text-align: center;\"><i>Zanthoxylum <\/i>\u00a0\u00a0\/zan&#8217;t\u0254ksilum\/<\/p>\n<p>&nbsp;<\/p>\n<p>&nbsp;<\/p>\n<h2 style=\"text-align: center;\">Rela\u00e7\u00e3o das consoantes<\/h2>\n<table>\n<tbody>\n<tr>\n<td><b>Grafema<\/b><\/td>\n<td><b>Fonema<\/b><\/td>\n<td><b>Aplica\u00e7\u00e3o<\/b><\/td>\n<td><b>Transcri\u00e7\u00e3o AFI<\/b><\/td>\n<\/tr>\n<tr>\n<td>b<\/td>\n<td>\/b\/<\/td>\n<td>barco<\/td>\n<td>\/&#8217;ba\u027eko\/<\/td>\n<\/tr>\n<tr>\n<td>c<\/td>\n<td>\/k\/<\/td>\n<td>cor<\/td>\n<td>\/&#8217;co\u027e\/<\/td>\n<\/tr>\n<tr>\n<td><\/td>\n<td>\/s\/<\/td>\n<td>cip\u00f3<\/td>\n<td>\/si&#8217;p\u0254\/<\/td>\n<\/tr>\n<tr>\n<td>d<\/td>\n<td>\/d\/<\/td>\n<td>dedo<\/td>\n<td>\/&#8217;dedo\/<\/td>\n<\/tr>\n<tr>\n<td>f<\/td>\n<td>\/f\/<\/td>\n<td>favo<\/td>\n<td>\/&#8217;favo\/<\/td>\n<\/tr>\n<tr>\n<td>g<\/td>\n<td>\/g\/<\/td>\n<td>gato<\/td>\n<td>\/&#8217;gato\/<\/td>\n<\/tr>\n<tr>\n<td><\/td>\n<td>\/\u0292\/<\/td>\n<td>gelo<\/td>\n<td>\/&#8217;\u0292elo\/<\/td>\n<\/tr>\n<tr>\n<td><\/td>\n<td>\/gw\/<\/td>\n<td>\u00e1gua<\/td>\n<td>\/&#8217;agwa\/<\/td>\n<\/tr>\n<tr>\n<td>h<\/td>\n<td>\/-\/<\/td>\n<td>hiper<\/td>\n<td>\/&#8217;ipe\u027e\/<\/td>\n<\/tr>\n<tr>\n<td>j<\/td>\n<td>\/\u0292\/<\/td>\n<td>jil\u00f3<\/td>\n<td>\/\u0292i&#8217;l\u0254\/<\/td>\n<\/tr>\n<tr>\n<td>k<\/td>\n<td>\/k\/<\/td>\n<td>kit<\/td>\n<td>\/&#8217;kit\/<\/td>\n<\/tr>\n<tr>\n<td>l<\/td>\n<td>\/l\/<\/td>\n<td>l\u00e3<\/td>\n<td>\/&#8217;l\u00e3\/<\/td>\n<\/tr>\n<tr>\n<td>m<\/td>\n<td>\/m\/<\/td>\n<td>mala<\/td>\n<td>\/&#8217;mala\/<\/td>\n<\/tr>\n<tr>\n<td>n<\/td>\n<td>\/n\/<\/td>\n<td>nada<\/td>\n<td>\/&#8217;nada\/<\/td>\n<\/tr>\n<tr>\n<td>p<\/td>\n<td>\/p\/<\/td>\n<td>paz<\/td>\n<td>\/&#8217;paz\/<\/td>\n<\/tr>\n<tr>\n<td>q<\/td>\n<td>\/k\/<\/td>\n<td>quente<\/td>\n<td>\/&#8217;kente\/<\/td>\n<\/tr>\n<tr>\n<td><\/td>\n<td>\/kw\/<\/td>\n<td>quadro<\/td>\n<td>\/&#8217;kwad\u027eo\/<\/td>\n<\/tr>\n<tr>\n<td>r<\/td>\n<td>\/r\/<\/td>\n<td>rato<\/td>\n<td>\/&#8217;rato\/<\/td>\n<\/tr>\n<tr>\n<td><\/td>\n<td>\/\u027e\/<\/td>\n<td>caro<\/td>\n<td>\/&#8217;ka\u027eo\/<\/td>\n<\/tr>\n<tr>\n<td>s<\/td>\n<td>\/s\/<\/td>\n<td>sopa<\/td>\n<td>\/&#8217;sopa\/<\/td>\n<\/tr>\n<tr>\n<td><\/td>\n<td>\/z\/<\/td>\n<td>rosa<\/td>\n<td>\/&#8217;r\u0254za\/<\/td>\n<\/tr>\n<tr>\n<td>t<\/td>\n<td>\/t\/<\/td>\n<td>tatu<\/td>\n<td>\/ta&#8217;tu\/<\/td>\n<\/tr>\n<tr>\n<td><\/td>\n<td>\/si\/<\/td>\n<td><i>Impatiens<\/i><\/td>\n<td>\/im&#8217;pasiens\/<\/td>\n<\/tr>\n<tr>\n<td>v<\/td>\n<td>\/v\/<\/td>\n<td>vespa<\/td>\n<td>\/&#8217;vespa\/<\/td>\n<\/tr>\n<tr>\n<td>x<\/td>\n<td>\/ks\/<\/td>\n<td>paradoxo<\/td>\n<td>\/pa\u027ea&#8217;d\u0254kso\/<\/td>\n<\/tr>\n<tr>\n<td>z<\/td>\n<td>\/z\/<\/td>\n<td>zebra<\/td>\n<td>\/&#8217;zeb\u027ea\/<\/td>\n<\/tr>\n<\/tbody>\n<\/table>\n<p>&nbsp;<\/p>\n","protected":false},"excerpt":{"rendered":"<p>\ufeff\ufeff &nbsp; No latim cient\u00edfico, as consoantes desempenham um papel fundamental na forma\u00e7\u00e3o das palavras e na constru\u00e7\u00e3o da sonoridade da l\u00edngua. Ao contr\u00e1rio do latim cl\u00e1ssico, que apresentava um conjunto relativamente simples de consoantes, o latim cient\u00edfico expandiu esse conjunto para abarcar sons provenientes de outras l\u00ednguas, como o grego e o alem\u00e3o. Essa [&hellip;]<\/p>\n","protected":false},"author":1,"featured_media":0,"parent":0,"menu_order":0,"comment_status":"open","ping_status":"closed","template":"","meta":{"_exactmetrics_skip_tracking":false,"_exactmetrics_sitenote_active":false,"_exactmetrics_sitenote_note":"","_exactmetrics_sitenote_category":0,"footnotes":""},"class_list":["post-113","page","type-page","status-publish","hentry"],"_links":{"self":[{"href":"https:\/\/www.editoraplantasdobrasil.com.br\/pronuncia-de-nomes-cientificos\/wp-json\/wp\/v2\/pages\/113","targetHints":{"allow":["GET"]}}],"collection":[{"href":"https:\/\/www.editoraplantasdobrasil.com.br\/pronuncia-de-nomes-cientificos\/wp-json\/wp\/v2\/pages"}],"about":[{"href":"https:\/\/www.editoraplantasdobrasil.com.br\/pronuncia-de-nomes-cientificos\/wp-json\/wp\/v2\/types\/page"}],"author":[{"embeddable":true,"href":"https:\/\/www.editoraplantasdobrasil.com.br\/pronuncia-de-nomes-cientificos\/wp-json\/wp\/v2\/users\/1"}],"replies":[{"embeddable":true,"href":"https:\/\/www.editoraplantasdobrasil.com.br\/pronuncia-de-nomes-cientificos\/wp-json\/wp\/v2\/comments?post=113"}],"version-history":[{"count":18,"href":"https:\/\/www.editoraplantasdobrasil.com.br\/pronuncia-de-nomes-cientificos\/wp-json\/wp\/v2\/pages\/113\/revisions"}],"predecessor-version":[{"id":565,"href":"https:\/\/www.editoraplantasdobrasil.com.br\/pronuncia-de-nomes-cientificos\/wp-json\/wp\/v2\/pages\/113\/revisions\/565"}],"wp:attachment":[{"href":"https:\/\/www.editoraplantasdobrasil.com.br\/pronuncia-de-nomes-cientificos\/wp-json\/wp\/v2\/media?parent=113"}],"curies":[{"name":"wp","href":"https:\/\/api.w.org\/{rel}","templated":true}]}}