{"id":101,"date":"2024-11-26T21:24:20","date_gmt":"2024-11-26T21:24:20","guid":{"rendered":"https:\/\/www.editoraplantasdobrasil.com.br\/pronuncia-de-nomes-cientificos\/?page_id=101"},"modified":"2024-12-03T01:36:45","modified_gmt":"2024-12-03T01:36:45","slug":"alfabeto-latino","status":"publish","type":"page","link":"https:\/\/www.editoraplantasdobrasil.com.br\/pronuncia-de-nomes-cientificos\/alfabeto-latino\/","title":{"rendered":"Alfabeto Latino"},"content":{"rendered":"<p><iframe loading=\"lazy\" src=\"https:\/\/www.youtube.com\/embed\/JuBcbaVQ97U?si=FFItVZKdMHvfsHoG?autoplay=1&amp;hd=1&amp;showsearch=0&amp;showinfo=0\" width=\"100%\" height=\"400px\" frameborder=\"0\" allowfullscreen=\"allowfullscreen\"><span style=\"display: inline-block; width: 0px; overflow: hidden; line-height: 0;\" data-mce-type=\"bookmark\" class=\"mce_SELRES_start\">\ufeff<\/span><span style=\"display: inline-block; width: 0px; overflow: hidden; line-height: 0;\" data-mce-type=\"bookmark\" class=\"mce_SELRES_start\">\ufeff<\/span><span style=\"display: inline-block; width: 0px; overflow: hidden; line-height: 0;\" data-mce-type=\"bookmark\" class=\"mce_SELRES_start\">\ufeff<\/span><\/iframe><\/p>\n<p>&nbsp;<\/p>\n<p>&nbsp;<\/p>\n<p>A hist\u00f3ria do alfabeto latino \u00e9 longa e complexa, envolvendo v\u00e1rias culturas, que ao longo dos s\u00e9culos, desenvolveram sistemas de escrita que culminaram no alfabeto que conhecemos hoje. Muito antes da ascens\u00e3o de Roma, as primeiras civiliza\u00e7\u00f5es j\u00e1 experimentavam com a escrita. Um dos primeiros e mais influentes sistemas foi o alfabeto fen\u00edcio, criado por volta do s\u00e9culo XIII a.C. Esse alfabeto, composto por 22 letras, era sem\u00edtico, focado em consoantes, e foi um dos primeiros sistemas a representar sons de fala com sinais escritos, em vez de s\u00edmbolos para ideias ou objetos. O com\u00e9rcio fen\u00edcio disseminou essa forma de escrita por todo o Mediterr\u00e2neo, influenciando profundamente outras culturas.<\/p>\n<p>Os gregos foram os primeiros a adaptar o alfabeto fen\u00edcio, criando o alfabeto grego por volta do s\u00e9culo VIII a.C. A inova\u00e7\u00e3o dos gregos foi crucial: eles introduziram letras para representar vogais, uma adi\u00e7\u00e3o que simplificou a leitura e permitiu uma escrita mais fiel \u00e0 fala. Esse alfabeto foi um marco na fonologia, pois introduziu a distin\u00e7\u00e3o clara entre consoantes e vogais, o que permitiu que sistemas posteriores fossem ainda mais adapt\u00e1veis.<\/p>\n<p>Ao norte da It\u00e1lia, o povo etrusco entrou em contato com o alfabeto grego e criou sua pr\u00f3pria vers\u00e3o. Por volta dos s\u00e9culos VIII e VII a.C., os etruscos, usando uma adapta\u00e7\u00e3o do alfabeto grego, desenvolveram um sistema que continha entre 20 e 26 letras. No entanto, seu sistema ainda apresentava particularidades fonol\u00f3gicas que refletiam sons pr\u00f3prios da l\u00edngua etrusca, como o uso de caracteres adicionais para sons que n\u00e3o existiam no grego. Com o tempo, os etruscos disseminaram esse alfabeto, que acabaria chegando at\u00e9 os romanos.<\/p>\n<p>Quando os romanos adotaram o alfabeto etrusco, adaptaram ele ainda mais para refletir os sons do latim, a l\u00edngua falada na regi\u00e3o. A primeira evid\u00eancia do alfabeto latino adaptado, data de inscri\u00e7\u00f5es do s\u00e9culo VII ou VI a.C., e, desde ent\u00e3o, o latim se consolidou com base nesse alfabeto. A fonologia do latim cl\u00e1ssico dependia de uma adapta\u00e7\u00e3o fiel dos sons \u00e0s letras, que no in\u00edcio contavam apenas com 21 caracteres. Ao longo do tempo, no entanto, com o aumento de intera\u00e7\u00f5es com o mundo hel\u00eanico, os romanos perceberam a necessidade de ajustar ainda mais seu alfabeto.<\/p>\n<p>No s\u00e9culo I a.C., os romanos incorporaram duas letras gregas adicionais: &lt;y&gt; e &lt;z&gt;. Essa adi\u00e7\u00e3o se deu principalmente para permitir uma transcri\u00e7\u00e3o mais precisa das palavras de origem grega, especialmente aquelas que continham fonemas inexistentes no latim. A partir desse ponto, o alfabeto latino contava com 23 letras:<\/p>\n<h4 style=\"text-align: center;\"><em>a, b, c, d, e, f, g, h, i, k, l, m, n, o, p, q, r, s, t, u, x, y, z.<\/em><\/h4>\n<p>Para entender a evolu\u00e7\u00e3o fonol\u00f3gica desse alfabeto, \u00e9 interessante observar que muitas dessas letras tinham usos variados. Por exemplo, as letras &lt;i&gt; e &lt;v&gt; serviam tanto para sons voc\u00e1licos quanto consonantais. Nesse caso, &lt;i&gt; poderia representar tanto uma vogal \/i\/ quanto um som consonantal semelhante ao \/j\/. De forma similar, &lt;u&gt; representava tanto o som voc\u00e1lico \/u\/ quanto o som consonantal \/v\/.<\/p>\n<p>Essa flexibilidade pode ser vista em inscri\u00e7\u00f5es romanas e exemplos hist\u00f3ricos. Em inscri\u00e7\u00f5es religiosas e p\u00fablicas, como na famosa inscri\u00e7\u00e3o &lt;INRI&gt; (abrevia\u00e7\u00e3o de \u201cJesus Nazareno, Rei dos Judeus\u201d), a letra &lt;i&gt; substitui o que hoje consideramos como &lt;j&gt;. Essa varia\u00e7\u00e3o reflete um per\u00edodo em que a distin\u00e7\u00e3o entre vogal e consoante ainda n\u00e3o era t\u00e3o rigorosa. No latim cl\u00e1ssico, encontramos alomorfia entre &lt;i&gt; e &lt;j&gt;, como em &#8220;maior&#8221; e &#8220;major&#8221;, onde ambas as formas t\u00eam o mesmo significado e uma pron\u00fancia pr\u00f3xima a \/maior\/.<\/p>\n<p>O mesmo fen\u00f4meno ocorre com &lt;u&gt; e &lt;v&gt;. Por exemplo, a palavra &lt;riuus&gt; (\/rivus\/), que significa &#8220;rival&#8221; ou &#8220;rio&#8221;, mostra uma representa\u00e7\u00e3o \u00fanica para o que hoje s\u00e3o sons separados. Essas letras somente se diferenciaram com o tempo, \u00e0 medida que a l\u00edngua e o sistema de escrita evolu\u00edam. A letra &lt;v&gt; foi gradualmente incorporada para representar sons diferentes de &lt;u&gt;.<\/p>\n<p>\u00c9 interessante notar que a letra &lt;j&gt; s\u00f3 come\u00e7ou a se diferenciar de &lt;i&gt; no s\u00e9culo XVI, com o desenvolvimento da imprensa. Durante esse per\u00edodo, havia uma necessidade crescente de clareza e padroniza\u00e7\u00e3o, e a imprensa ajudou a consolidar o uso de &lt;j&gt; para sons consonantais, enquanto &lt;i&gt; passou a ser usado exclusivamente para sons voc\u00e1licos. Essa distin\u00e7\u00e3o se tornou um marco na fonologia moderna das l\u00ednguas europeias, criando a base para o uso das letras como as conhecemos hoje.<\/p>\n<p>Durante a Idade M\u00e9dia, por volta do s\u00e9culo XII, surge a letra &lt;w&gt;, inicialmente uma ligadura composta de duas letras &lt;v&gt;. Ela foi criada para representar sons espec\u00edficos das l\u00ednguas germ\u00e2nicas, que os romanos n\u00e3o tinham necessidade de representar em latim cl\u00e1ssico. Esse s\u00edmbolo ganhou espa\u00e7o nas l\u00ednguas anglo-sax\u00e3s e germ\u00e2nicas e acabou sendo incorporado ao alfabeto latino em usos modernos. Em portugu\u00eas, a letra &lt;w&gt; tem diferentes realiza\u00e7\u00f5es fon\u00e9ticas; pode representar o som \/w\/, como em &lt;Wellington&gt;, som \/v\/, como em &lt;Walter&gt; ou ainda som \/u\/, como em \/whisky\/.<\/p>\n<p>Assim, ao longo dos s\u00e9culos, o alfabeto latino passou por sucessivas adapta\u00e7\u00f5es, influ\u00eancias culturais e mudan\u00e7as fonol\u00f3gicas, culminando no sistema de 26 letras que usamos hoje. Esse alfabeto padr\u00e3o, estabelecido pelo padr\u00e3o ISO, tamb\u00e9m \u00e9 oficialmente utilizado no portugu\u00eas e em outras l\u00ednguas modernas, preservando adapta\u00e7\u00f5es tanto hist\u00f3ricas quanto funcionais.<\/p>\n<p>Para que possamos estudar o latim de forma mais precisa e padronizada, este curso seguir\u00e1 o <b>Latim Cient\u00edfico<\/b>, usando o Alfabeto Fon\u00e9tico Internacional (AFI). Esse sistema \u00e9 extremamente \u00fatil para representar sons com exatid\u00e3o, eliminando ambiguidades e permitindo uma vis\u00e3o clara de como pronunciar a nomenclatura cient\u00edfica. Essa abordagem nos permitir\u00e1 acessar diretamente a pron\u00fancia original das palavras, aumentando a precis\u00e3o e a compreens\u00e3o dos termos latinos.<\/p>\n","protected":false},"excerpt":{"rendered":"<p>\ufeff\ufeff\ufeff &nbsp; &nbsp; A hist\u00f3ria do alfabeto latino \u00e9 longa e complexa, envolvendo v\u00e1rias culturas, que ao longo dos s\u00e9culos, desenvolveram sistemas de escrita que culminaram no alfabeto que conhecemos hoje. Muito antes da ascens\u00e3o de Roma, as primeiras civiliza\u00e7\u00f5es j\u00e1 experimentavam com a escrita. Um dos primeiros e mais influentes sistemas foi o alfabeto [&hellip;]<\/p>\n","protected":false},"author":1,"featured_media":0,"parent":0,"menu_order":0,"comment_status":"open","ping_status":"closed","template":"","meta":{"_exactmetrics_skip_tracking":false,"_exactmetrics_sitenote_active":false,"_exactmetrics_sitenote_note":"","_exactmetrics_sitenote_category":0,"footnotes":""},"class_list":["post-101","page","type-page","status-publish","hentry"],"_links":{"self":[{"href":"https:\/\/www.editoraplantasdobrasil.com.br\/pronuncia-de-nomes-cientificos\/wp-json\/wp\/v2\/pages\/101","targetHints":{"allow":["GET"]}}],"collection":[{"href":"https:\/\/www.editoraplantasdobrasil.com.br\/pronuncia-de-nomes-cientificos\/wp-json\/wp\/v2\/pages"}],"about":[{"href":"https:\/\/www.editoraplantasdobrasil.com.br\/pronuncia-de-nomes-cientificos\/wp-json\/wp\/v2\/types\/page"}],"author":[{"embeddable":true,"href":"https:\/\/www.editoraplantasdobrasil.com.br\/pronuncia-de-nomes-cientificos\/wp-json\/wp\/v2\/users\/1"}],"replies":[{"embeddable":true,"href":"https:\/\/www.editoraplantasdobrasil.com.br\/pronuncia-de-nomes-cientificos\/wp-json\/wp\/v2\/comments?post=101"}],"version-history":[{"count":5,"href":"https:\/\/www.editoraplantasdobrasil.com.br\/pronuncia-de-nomes-cientificos\/wp-json\/wp\/v2\/pages\/101\/revisions"}],"predecessor-version":[{"id":489,"href":"https:\/\/www.editoraplantasdobrasil.com.br\/pronuncia-de-nomes-cientificos\/wp-json\/wp\/v2\/pages\/101\/revisions\/489"}],"wp:attachment":[{"href":"https:\/\/www.editoraplantasdobrasil.com.br\/pronuncia-de-nomes-cientificos\/wp-json\/wp\/v2\/media?parent=101"}],"curies":[{"name":"wp","href":"https:\/\/api.w.org\/{rel}","templated":true}]}}