{"id":102,"date":"2019-05-15T18:29:32","date_gmt":"2019-05-15T18:29:32","guid":{"rendered":"https:\/\/www.editoraplantasdobrasil.com.br\/loja-virtual\/?page_id=102"},"modified":"2025-12-17T00:00:10","modified_gmt":"2025-12-17T03:00:10","slug":"plantas-do-brasil-arvores-nativas-vol-1","status":"publish","type":"page","link":"https:\/\/www.editoraplantasdobrasil.com.br\/loja-virtual\/plantas-do-brasil-arvores-nativas-vol-1\/","title":{"rendered":"Plantas do Brasil &#8211; \u00c1rvores Nativas Vol.1"},"content":{"rendered":"<p><center><br \/>\n<img decoding=\"async\" src=\"https:\/\/www.editoraplantasdobrasil.com.br\/loja-virtual\/wp-content\/uploads\/2019\/09\/plantas-do-brasil-arvores-nativas-vol1.png\" width=\"500px\" \/><\/p>\n<h4>UM GUIA DETALHADO PARA A IDENTIFICA\u00c7\u00c3O DE \u00c1RVORES DO BRASIL<\/h4>\n<p><\/center><\/p>\n<p>&nbsp;<\/p>\n<div style=\"text-align: center;\">\n<img decoding=\"async\" src=\"https:\/\/www.editoraplantasdobrasil.com.br\/loja-virtual\/wp-content\/uploads\/2019\/05\/seta_vermelha.png\" \/>\n<\/div>\n<p><center><\/p>\n<h3><font color=\"#FF0000\">Relan\u00e7amento!<\/font><\/h3>\n<p><\/center><\/p>\n<div style=\"clear: both;\"><\/div>\n<div style=\"clear: both;\"><\/div>\n<p>&nbsp;<\/p>\n<h3 style=\"text-align: center;\"><!--de <s><strong><span style=\"color: #16A086; font-size: 26px;\">R$239,00<\/span><\/strong><\/s> por -->apenas <strong><span style=\"color: #359200; font-size: 40px;\">R$249,00<\/span><\/strong><\/h3>\n<p><center><\/p>\n<p><i>Pague em at\u00e9 <strong>12x<\/strong><\/i><\/p>\n<p><\/center><\/p>\n<div style=\"clear: both;\"><\/div>\n<p>&nbsp;&nbsp;<br \/>\n<center><\/p>\n<h3><font color=\"#FF0000\">Hoje com <strong>FRETE GR\u00c1TIS<\/strong> para todo o pa\u00eds!<\/font><\/h3>\n<p>&nbsp;<\/p>\n<p align=\"center\"><a href=\"https:\/\/www.editoraplantasdobrasil.com.br\/loja-virtual\/vitrine\/?add-to-cart=631\" title=\"Clique aqui para comprar o livro: Plantas do Brasil - \u00c1rvores Nativas Vol.1\"><img decoding=\"async\" src=\"https:\/\/www.editoraplantasdobrasil.com.br\/loja-virtual\/wp-content\/uploads\/2019\/05\/comprar.gif\" \/><\/a><\/p>\n<p><img decoding=\"async\" src=\"https:\/\/www.editoraplantasdobrasil.com.br\/loja-virtual\/wp-content\/uploads\/2019\/05\/ambiente_seguro.jpg\"><\/p>\n<p><\/center><\/p>\n<div style=\"clear: both;\"><\/div>\n<p>&nbsp; &nbsp;&nbsp;<\/p>\n<div style=\"clear: both;\"><\/div>\n<p>&nbsp;&nbsp;<\/p>\n<h3>Apresenta\u00e7\u00e3o<\/h3>\n<p>&nbsp;<\/p>\n<p>O presente volume, que d\u00e1 in\u00edcio \u00e0 s\u00e9rie &#8211; PLANTAS DO BRASIL &#8211; \u00c1RVORES NATIVAS &#8211; , abrange inicialmente 200 \u00e1rvores (<a href=\"https:\/\/www.editoraplantasdobrasil.com.br\/loja-virtual\/wp-content\/uploads\/2022\/02\/sumario_Plantas_do_Brasil_Arvores_Nativas_Vol.1.pdf\" alt=\"Clique aqui para ver a lista de esp\u00e9cies\" target=\"_blank\" rel=\"noopener\">ver Lista de Esp\u00e9cies<\/a>) que ocorrem naturalmente em algum lugar do territ\u00f3rio nacional. Numericamente \u00e9 uma abordagem ainda modesta, em rela\u00e7\u00e3o ao grande n\u00famero de \u00e1rvores nativas que ocorrem no Brasil, por\u00e9m significativa na populariza\u00e7\u00e3o e difus\u00e3o do conhecimento sobre a biodiversidade de nossas belas e ricas florestas.<\/p>\n<p>Toda a s\u00e9rie, estimada inicialmente em mais de 10 volumes, ser\u00e1 lan\u00e7ada paulatinamente nos pr\u00f3ximos anos e abranger\u00e1 mais de 2.000 esp\u00e9cies arb\u00f3reas, dos mais diversos recantos do Brasil. \u00c9 o resultado, que aqui come\u00e7a ser divulgado, de v\u00e1rios anos de estudos, pesquisas e diversas expedi\u00e7\u00f5es bot\u00e2nicas realizadas pelo pa\u00eds.<\/p>\n<p>A obra tem como objetivo principal proporcionar um f\u00e1cil reconhecimento das \u00e1rvores, atrav\u00e9s de descri\u00e7\u00f5es e imagens, auxiliando os interessados no processo de identifica\u00e7\u00e3o bot\u00e2nica e incentivando essa apaixonante atividade, que \u00e9 o estudo e a observa\u00e7\u00e3o da nossa flora.<\/p>\n<p>Indiretamente visa impulsionar o conhecimento e difundir informa\u00e7\u00f5es sobre nossas \u00e1rvores nativas, especialmente sua correta identifica\u00e7\u00e3o e potencial de utiliza\u00e7\u00e3o, procurando com isso sensibilizar e conscientizar as pessoas sobre os benef\u00edcios e import\u00e2ncia em conservar \u00e1reas arborizadas.<\/p>\n<p>Destinado especialmente para Engenheiros Florestais, Bi\u00f3logos, Engenheiros Agr\u00f4nomos, Engenheiros Ambientais, Ec\u00f3logos, Paisagistas e demais t\u00e9cnicos envolvidos em tarefas que exijam o reconhecimento de esp\u00e9cies florestais, serve tamb\u00e9m para os demais interessados no tema, que admiram a natureza e o mundo das plantas.<\/p>\n<p>Na descri\u00e7\u00e3o das esp\u00e9cies, s\u00e3o fornecidos o nome cient\u00edfico atualmente v\u00e1lido, sinon\u00edmias bot\u00e2nicas, nomes populares, descri\u00e7\u00e3o morfol\u00f3gica, fenologia, usos, ecologia, propaga\u00e7\u00e3o e distribui\u00e7\u00e3o geogr\u00e1fica.<\/p>\n<p>As fotografias s\u00e3o autorais e foram obtidas em campo, nas condi\u00e7\u00f5es naturais de luminosidade, procurando por padr\u00e3o retratar aspectos importantes, como da folha, ramo e casca, que permitem o reconhecimento de uma esp\u00e9cie mesmo em estado vegetativo (desprovida de flores ou frutos). Sempre que poss\u00edvel foram feitas 7 fotografias, dentre elas: indiv\u00edduo isolado (1), ramo (2), par de folhas exibindo ambas as faces (3), casca externa (4), flor (5), fruto (6) e semente (7).<\/p>\n<p>&nbsp;&nbsp;<\/p>\n<h3>Imagens<\/h3>\n<p><center><br \/>\n<div id='gallery-1' class='gallery galleryid-102 gallery-columns-3 gallery-size-thumbnail'><dl class='gallery-item'>\n\t\t\t<dt class='gallery-icon landscape'>\n\t\t\t\t<a href='https:\/\/www.editoraplantasdobrasil.com.br\/loja-virtual\/plantas-do-brasil-arvores-nativas-vol-1\/plantas-do-brasil-arvores-nativas-vol1-2\/'><img loading=\"lazy\" decoding=\"async\" width=\"150\" height=\"150\" src=\"https:\/\/www.editoraplantasdobrasil.com.br\/loja-virtual\/wp-content\/uploads\/2019\/05\/plantas-do-brasil-arvores-nativas-vol1-1-150x150.jpg\" class=\"attachment-thumbnail size-thumbnail\" alt=\"\" srcset=\"https:\/\/www.editoraplantasdobrasil.com.br\/loja-virtual\/wp-content\/uploads\/2019\/05\/plantas-do-brasil-arvores-nativas-vol1-1-150x150.jpg 150w, https:\/\/www.editoraplantasdobrasil.com.br\/loja-virtual\/wp-content\/uploads\/2019\/05\/plantas-do-brasil-arvores-nativas-vol1-1-300x300.jpg 300w, https:\/\/www.editoraplantasdobrasil.com.br\/loja-virtual\/wp-content\/uploads\/2019\/05\/plantas-do-brasil-arvores-nativas-vol1-1-100x100.jpg 100w\" sizes=\"auto, (max-width: 150px) 100vw, 150px\" \/><\/a>\n\t\t\t<\/dt><\/dl><dl class='gallery-item'>\n\t\t\t<dt class='gallery-icon landscape'>\n\t\t\t\t<a href='https:\/\/www.editoraplantasdobrasil.com.br\/loja-virtual\/plantas-do-brasil-arvores-nativas-vol-1\/miolo1-arvoresnativas-vol1\/'><img loading=\"lazy\" decoding=\"async\" width=\"150\" height=\"150\" src=\"https:\/\/www.editoraplantasdobrasil.com.br\/loja-virtual\/wp-content\/uploads\/2019\/05\/miolo1-arvoresnativas-vol1-150x150.jpg\" class=\"attachment-thumbnail size-thumbnail\" alt=\"\" srcset=\"https:\/\/www.editoraplantasdobrasil.com.br\/loja-virtual\/wp-content\/uploads\/2019\/05\/miolo1-arvoresnativas-vol1-150x150.jpg 150w, https:\/\/www.editoraplantasdobrasil.com.br\/loja-virtual\/wp-content\/uploads\/2019\/05\/miolo1-arvoresnativas-vol1-300x300.jpg 300w, https:\/\/www.editoraplantasdobrasil.com.br\/loja-virtual\/wp-content\/uploads\/2019\/05\/miolo1-arvoresnativas-vol1-100x100.jpg 100w\" sizes=\"auto, (max-width: 150px) 100vw, 150px\" \/><\/a>\n\t\t\t<\/dt><\/dl><dl class='gallery-item'>\n\t\t\t<dt class='gallery-icon landscape'>\n\t\t\t\t<a href='https:\/\/www.editoraplantasdobrasil.com.br\/loja-virtual\/plantas-do-brasil-arvores-nativas-vol-1\/miolo2-arvoresnativas-vol1\/'><img loading=\"lazy\" decoding=\"async\" width=\"150\" height=\"150\" src=\"https:\/\/www.editoraplantasdobrasil.com.br\/loja-virtual\/wp-content\/uploads\/2019\/05\/miolo2-arvoresnativas-vol1-150x150.jpg\" class=\"attachment-thumbnail size-thumbnail\" alt=\"\" srcset=\"https:\/\/www.editoraplantasdobrasil.com.br\/loja-virtual\/wp-content\/uploads\/2019\/05\/miolo2-arvoresnativas-vol1-150x150.jpg 150w, https:\/\/www.editoraplantasdobrasil.com.br\/loja-virtual\/wp-content\/uploads\/2019\/05\/miolo2-arvoresnativas-vol1-300x300.jpg 300w, https:\/\/www.editoraplantasdobrasil.com.br\/loja-virtual\/wp-content\/uploads\/2019\/05\/miolo2-arvoresnativas-vol1-100x100.jpg 100w\" sizes=\"auto, (max-width: 150px) 100vw, 150px\" \/><\/a>\n\t\t\t<\/dt><\/dl><br style=\"clear: both\" \/>\n\t\t<\/div>\n<br \/>\n<\/center><\/p>\n<h3>Especifica\u00e7\u00f5es<\/h3>\n<p>ISBN 978-85-68381-00-7<br \/>\nAutor: Daniel Saueressig<\/p>\n<ul>\n<li>Tamanho 21 x 30 cm;<\/li>\n<li>N\u00famero total de p\u00e1ginas: 432;<\/li>\n<li>Impresso em papel offset 90 g;<\/li>\n<li>Encaderna\u00e7\u00e3o em capa dura e impress\u00e3o policrom\u00e1tica;<\/li>\n<li>200 esp\u00e9cies &#8211; duas p\u00e1ginas para cada esp\u00e9cie, sendo uma de informa\u00e7\u00f5es textuais e outra de fotografias;<\/li>\n<\/ul>\n<p><!--Material luxuoso, totalmente impresso em papel couch\u00ea 115 g;--><\/p>\n<p>&nbsp;&nbsp;<\/p>\n<h3>Coment\u00e1rios<\/h3>\n<div class=\"BlockContent\"><a id=\"write_review\"><\/a><\/p>\n<ol class=\"ProductReviewList\">\n<li class=\"Alt\">\n<h4 class=\"ReviewTitle\">J\u00e1 estou no aguardo do segundo volume.<img loading=\"lazy\" decoding=\"async\" src=\"https:\/\/www.editoraplantasdobrasil.com.br\/loja-virtual\/wp-content\/uploads\/2019\/05\/stars.gif\" alt=\"\" width=\"64\" height=\"12\" \/><\/h4>\n<p class=\"Meta\">Postado por Valdemar Henrique de Oliveira (Parataxonomista\/Ge\u00f3grafo)<\/p>\n<p>O livro \u00e9 muito bem apresentado, as fotografias s\u00e3o de \u00f3tima qualidade e as informa\u00e7\u00f5es s\u00e3o precisas e confi\u00e1veis. O mapa de distribui\u00e7\u00e3o da esp\u00e9cie \u00e9 muito pratico. No mais parab\u00e9ns pela realiza\u00e7\u00e3o desse magnifico livro que vai ser muito \u00fatil entre os interessados na identifica\u00e7\u00e3o das nossas \u00e1rvores nativas.<\/p>\n<hr \/>\n<\/li>\n<li class=\"\">\n<h4 class=\"ReviewTitle\">Adorei <img loading=\"lazy\" decoding=\"async\" src=\"https:\/\/www.editoraplantasdobrasil.com.br\/loja-virtual\/wp-content\/uploads\/2019\/05\/stars.gif\" alt=\"\" width=\"64\" height=\"12\" \/><\/h4>\n<p class=\"Meta\">Postado por Laila<\/p>\n<p>A muito que eu esperava por um guia que realmente me ajudasse na identifica\u00e7\u00e3o de uma esp\u00e9cie. Al\u00e9m de fotos detalhadas do que realmente importa tr\u00e1s tamb\u00e9m uma descri\u00e7\u00e3o detalhada destes caracteres.<\/p>\n<hr \/>\n<\/li>\n<li class=\"\">\n<h4 class=\"ReviewTitle\">Amigos Engenheiros Florestais, que \u00e9 bom, precisa ser divulgado: <img loading=\"lazy\" decoding=\"async\" src=\"https:\/\/www.editoraplantasdobrasil.com.br\/loja-virtual\/wp-content\/uploads\/2019\/05\/stars.gif\" alt=\"\" width=\"64\" height=\"12\" \/><\/h4>\n<p class=\"Meta\">Postado por Daiane Gaia<\/p>\n<p>Estou muito satisfeita com minha ultima aquisi\u00e7\u00e3o: O livro &#8220;\u00c1rvores Nativas&#8221; de Daniel Saueressig. Este \u00e9 o primeiro volume lan\u00e7ado de uma futura cole\u00e7\u00e3o, \u00e9 bem completo, atualizado, informa\u00e7\u00f5es objetivas, achei pessoalmente que as fotos s\u00e3o melhores para nos ajudar na identifica\u00e7\u00e3o das esp\u00e9cies em rela\u00e7\u00e3o ao \u00c1rvores Brasileiras (n\u00e3o desmerecendo, apenas uma opini\u00e3o pessoal mesmo). J\u00e1 ansiosa pelos pr\u00f3ximos volumes!<\/p>\n<hr \/>\n<\/li>\n<li class=\"\">\n<h4 class=\"ReviewTitle\">Elogio <img loading=\"lazy\" decoding=\"async\" src=\"https:\/\/www.editoraplantasdobrasil.com.br\/loja-virtual\/wp-content\/uploads\/2019\/05\/stars.gif\" alt=\"\" width=\"64\" height=\"12\" \/><\/h4>\n<p class=\"Meta\">Postado por T\u00e2nia<\/p>\n<p>Parab\u00e9ns ao Daniel pela excelente obra, completa e bem ilustrada. Para quem trabalha na \u00e1rea ou se interessa pela nossa flora, recomendo!<\/p>\n<hr \/>\n<\/li>\n<li class=\"Alt\">\n<h4 class=\"ReviewTitle\">Muito bom <img loading=\"lazy\" decoding=\"async\" src=\"https:\/\/www.editoraplantasdobrasil.com.br\/loja-virtual\/wp-content\/uploads\/2019\/05\/stars.gif\" alt=\"\" width=\"64\" height=\"12\" \/><\/h4>\n<p class=\"Meta\">Postado por Gabriela<\/p>\n<p>Livro excelente&#8230;!!<br \/>\nFotos lindas e com \u00f3timo conte\u00fado. Parab\u00e9ns!<\/p>\n<hr \/>\n<\/li>\n<li class=\"\">\n<h4 class=\"ReviewTitle\">\u00c1rvores Nativas <img loading=\"lazy\" decoding=\"async\" src=\"https:\/\/www.editoraplantasdobrasil.com.br\/loja-virtual\/wp-content\/uploads\/2019\/05\/stars.gif\" alt=\"\" width=\"64\" height=\"12\" \/><\/h4>\n<p class=\"Meta\">Postado por Danilo<\/p>\n<p>Muito bom o livro, para quem trabalha na \u00e1rea ou se interessa pela nossa flora que \u00e9 simplesmente encantadora, recomendo! J\u00e1 estou fazendo bom uso. Obrigado!<\/p>\n<hr \/>\n<\/li>\n<li class=\"Alt\">\n<h4 class=\"ReviewTitle\">Contribui\u00e7\u00e3o <img loading=\"lazy\" decoding=\"async\" src=\"https:\/\/www.editoraplantasdobrasil.com.br\/loja-virtual\/wp-content\/uploads\/2019\/05\/stars.gif\" alt=\"\" width=\"64\" height=\"12\" \/><\/h4>\n<p class=\"Meta\">Postado por C\u00edcero Ramos<\/p>\n<p>Parab\u00e9ns pelo livro, \u00f3timo produto, \u00f3timas fotografias.<\/p>\n<hr \/>\n<\/li>\n<li class=\"\">\n<h4 class=\"ReviewTitle\">Um grande auxilio e um enorme elogio! <img loading=\"lazy\" decoding=\"async\" src=\"https:\/\/www.editoraplantasdobrasil.com.br\/loja-virtual\/wp-content\/uploads\/2019\/05\/stars.gif\" alt=\"\" width=\"64\" height=\"12\" \/><\/h4>\n<p class=\"Meta\">Postado por Marco Antonio<\/p>\n<p>Agradecemos pela contribui\u00e7\u00e3o ao meio cient\u00edfico e especialmente na bot\u00e2nica! Maravilhoso guia!<\/p>\n<hr \/>\n<\/li>\n<li class=\"Alt\">\n<h4 class=\"ReviewTitle\">Alta Qualidade <img loading=\"lazy\" decoding=\"async\" src=\"https:\/\/www.editoraplantasdobrasil.com.br\/loja-virtual\/wp-content\/uploads\/2019\/05\/stars.gif\" alt=\"\" width=\"64\" height=\"12\" \/><\/h4>\n<p class=\"Meta\">Postado por Silvano Foresti<\/p>\n<p>Como sempre gostei de Natureza tenho contato constante com Mata Nativa na Regi\u00e3o Serrana de Bento Gon\u00e7alves &#8211; RS, por l\u00e1 identifiquei in\u00fameras \u00e1rvores e seus benef\u00edcios. \u00c9 muito bom e gratificante identificar \u00e1rvores que cresceram com a gente, desde o tempo de inf\u00e2ncia sab\u00edamos o per\u00edodo da frutifica\u00e7\u00e3o e usufruir deste contato com a natureza e agora isso tudo em livro \u00e9 maravilhoso.<br \/>\nParab\u00e9ns pelo belo exemplar, superou minhas expectativas!<\/p>\n<hr \/>\n<\/li>\n<li class=\"\">\n<h4 class=\"ReviewTitle\">Excepcional <img loading=\"lazy\" decoding=\"async\" src=\"https:\/\/www.editoraplantasdobrasil.com.br\/loja-virtual\/wp-content\/uploads\/2019\/05\/stars.gif\" alt=\"\" width=\"64\" height=\"12\" \/><\/h4>\n<p class=\"Meta\">Postado por Igor Roik<\/p>\n<p>Com enorme satisfa\u00e7\u00e3o adquiri o livro Plantas do Brasil &#8211; \u00c1rvores nativas do autor Daniel Saueressig. Uma obra indispens\u00e1vel a todos os amantes e profissionais da natureza. Ricamente ilustrado, a obra possibilita r\u00e1pida identifica\u00e7\u00e3o das esp\u00e9cies, j\u00e1 que o texto \u00e9 muito claro e objetivo. Recomendo a todos.<\/p>\n<hr \/>\n<\/li>\n<li class=\"\">\n<h4 class=\"ReviewTitle\">Muito bom! <img loading=\"lazy\" decoding=\"async\" src=\"https:\/\/www.editoraplantasdobrasil.com.br\/loja-virtual\/wp-content\/uploads\/2019\/05\/stars.gif\" alt=\"\" width=\"64\" height=\"12\" \/><\/h4>\n<p class=\"Meta\">Postado por Rog\u00e9rio<\/p>\n<p>Livro did\u00e1tico, com excelentes ilustra\u00e7\u00f5es e bem detalhado. Aguardo ansiosamente os pr\u00f3ximos volumes.<\/p>\n<hr \/>\n<\/li>\n<li class=\"Alt\">\n<h4 class=\"ReviewTitle\">\u00d3timo livro <img loading=\"lazy\" decoding=\"async\" src=\"https:\/\/www.editoraplantasdobrasil.com.br\/loja-virtual\/wp-content\/uploads\/2019\/05\/stars.gif\" alt=\"\" width=\"64\" height=\"12\" \/><\/h4>\n<p class=\"Meta\">Postado por Liliam Enid Mortensen<\/p>\n<p>\u00d3timo livro da mat\u00e9ria que precisamos, as nossas \u00e1rvores e com as fotos muito precisas nos detalhes.<br \/>\nBel\u00edssimo trabalho.<\/p>\n<hr \/>\n<\/li>\n<li class=\"\">\n<h4 class=\"ReviewTitle\">Parab\u00e9ns pela Obra Daniel! <img loading=\"lazy\" decoding=\"async\" src=\"https:\/\/www.editoraplantasdobrasil.com.br\/loja-virtual\/wp-content\/uploads\/2019\/05\/stars.gif\" alt=\"\" width=\"64\" height=\"12\" \/><\/h4>\n<p class=\"Meta\">Postado por Paulo Kuester<\/p>\n<p>Um excelente come\u00e7o, para uma s\u00e9rie de livros, os quais espero ansiosamente as outras edi\u00e7\u00f5es. Uma forma simples, sucinta, dando \u00eanfase basicamente a identifica\u00e7\u00e3o da Flora Arb\u00f3rea Brasileira, com belas pranchas, que facilitam muito a vida de identifica\u00e7\u00e3o dos profissionais e\/ou amantes da natureza! Parab\u00e9ns pela Obra Daniel!!!<\/p>\n<hr \/>\n<\/li>\n<li class=\"Alt\">\n<h4 class=\"ReviewTitle\">Excelente <img loading=\"lazy\" decoding=\"async\" src=\"https:\/\/www.editoraplantasdobrasil.com.br\/loja-virtual\/wp-content\/uploads\/2019\/05\/stars.gif\" alt=\"\" width=\"64\" height=\"12\" \/><\/h4>\n<p class=\"Meta\">Postado por Diego Chaves<\/p>\n<p>Me surpreendi com a qualidade do livro. Rico em informa\u00e7\u00f5es e material de \u00f3tima qualidade. \u00cdndico a quem trabalha com classifica\u00e7\u00e3o de plantas.<\/p>\n<hr \/>\n<\/li>\n<li class=\"\">\n<h4 class=\"ReviewTitle\">Gostei! <img loading=\"lazy\" decoding=\"async\" src=\"https:\/\/www.editoraplantasdobrasil.com.br\/loja-virtual\/wp-content\/uploads\/2019\/05\/stars.gif\" alt=\"\" width=\"64\" height=\"12\" \/><\/h4>\n<p class=\"Meta\">Postado por Deivison S. Farias<\/p>\n<p>Achei legal que voc\u00ea usou duas p\u00e1ginas por esp\u00e9cie, sendo uma descritiva e outra de fotos, dando personalidade \u00e0 sua obra. O mapa de distribui\u00e7\u00e3o ficou \u00f3timo. Gostei das fotos das folhas em ambas as faces.<br \/>\nImagino o trabalho que deu para reunir todas as informa\u00e7\u00f5es organizadas.<br \/>\nParab\u00e9ns mesmo!<br \/>\nGrande abra\u00e7o!<\/p>\n<hr \/>\n<\/li>\n<li class=\"Alt\">\n<h4 class=\"ReviewTitle\">O Livro que marcou 2.015 <img loading=\"lazy\" decoding=\"async\" src=\"https:\/\/www.editoraplantasdobrasil.com.br\/loja-virtual\/wp-content\/uploads\/2019\/05\/stars.gif\" alt=\"\" width=\"64\" height=\"12\" \/><\/h4>\n<p class=\"Meta\">Postado por Helton &#8211; Projeto Colecionando Frutas<\/p>\n<p>Parab\u00e9ns pelo Livro Daniel!<\/p>\n<p>Fotos reais, naturais, muito bonitas!<br \/>\nTexto muito bom, facil de compreender!<br \/>\nContinue com o valioso trabalho!<\/p>\n<hr \/>\n<\/li>\n<li class=\"Alt\">\n<h4 class=\"ReviewTitle\">\u00f3timas fotos e descri\u00e7\u00e3o <img loading=\"lazy\" decoding=\"async\" src=\"https:\/\/www.editoraplantasdobrasil.com.br\/loja-virtual\/wp-content\/uploads\/2019\/05\/stars.gif\" alt=\"\" width=\"64\" height=\"12\" \/><\/h4>\n<p class=\"Meta\">Postado por Suzana Aleixo<\/p>\n<p>\u00d3timas fotos e descri\u00e7\u00e3o.<br \/>\nFuncional e de facil entendimento.<\/p>\n<hr \/>\n<\/li>\n<li class=\"Alt\">\n<h4 class=\"ReviewTitle\">\u00d3timo livro <img loading=\"lazy\" decoding=\"async\" src=\"https:\/\/www.editoraplantasdobrasil.com.br\/loja-virtual\/wp-content\/uploads\/2019\/05\/stars.gif\" alt=\"\" width=\"64\" height=\"12\" \/><\/h4>\n<p class=\"Meta\">Postado por Kelly<\/p>\n<p>Parab\u00e9ns pelo livro Daniel Saueressig, gostei muito, fiquei muito satisfeita em adquiri-lo, a qualidade das fotos s\u00e3o \u00f3timas e as informa\u00e7\u00f5es tamb\u00e9m. Um \u00f3timo material para consulta e estudo.<\/p>\n<hr \/>\n<\/li>\n<li class=\"\">\n<h4 class=\"ReviewTitle\">\u00d3timo trabalho. <img loading=\"lazy\" decoding=\"async\" src=\"https:\/\/www.editoraplantasdobrasil.com.br\/loja-virtual\/wp-content\/uploads\/2019\/05\/stars.gif\" alt=\"\" width=\"64\" height=\"12\" \/><\/h4>\n<p class=\"Meta\">Postado por Andr\u00e9 Torres<\/p>\n<p>Parab\u00e9ns pela edi\u00e7\u00e3o, boas fotos e informa\u00e7\u00f5es sobre as esp\u00e9cies. Trabalho diretamente na \u00e1rea de levantamentos de campo de flora e sinto uma forte car\u00eancia em materiais como esse. Fico no aguardo do Volume 2.<\/p>\n<hr \/>\n<\/li>\n<li class=\"Alt\">\n<h4 class=\"ReviewTitle\">Trabalho FANT\u00c1STICO! <img loading=\"lazy\" decoding=\"async\" src=\"https:\/\/www.editoraplantasdobrasil.com.br\/loja-virtual\/wp-content\/uploads\/2019\/05\/stars.gif\" alt=\"\" width=\"64\" height=\"12\" \/><\/h4>\n<p class=\"Meta\">Postado por Silvio Ricardo Carvalho<\/p>\n<p>O livro est\u00e1 magn\u00edfico, de f\u00e1cil entendimento e com maravilhosas imagens; trabalho FANT\u00c1STICO!<br \/>\nSucesso sempre em teu caminho e que este seja sempre pelo bem&#8230;<br \/>\nForte abra\u00e7o!<\/p>\n<hr \/>\n<\/li>\n<li class=\"Alt\">\n<h4 class=\"ReviewTitle\">Obrigado e parab\u00e9ns pelo trabalho! <img loading=\"lazy\" decoding=\"async\" src=\"https:\/\/www.editoraplantasdobrasil.com.br\/loja-virtual\/wp-content\/uploads\/2019\/05\/stars.gif\" alt=\"\" width=\"64\" height=\"12\" \/><\/h4>\n<p class=\"Meta\">Postado por Mauro Dachary<\/p>\n<p>\u00d3timo livro, sem desmerecer cole\u00e7\u00f5es cl\u00e1ssicas como as publica\u00e7\u00f5es de Lorenzi, mas esse \u00e9 o melhor livro do estilo, completo, detalhado, excelente material e impress\u00e3o \u00e9 principalmente, atualizado. Tenho o n\u00famero 142 e espero ansioso pelos pr\u00f3ximos volumes.<\/p>\n<hr \/>\n<\/li>\n<li class=\"Alt\">\n<h4 class=\"ReviewTitle\">Bel\u00edssimo trabalho <img loading=\"lazy\" decoding=\"async\" src=\"https:\/\/www.editoraplantasdobrasil.com.br\/loja-virtual\/wp-content\/uploads\/2019\/05\/stars.gif\" alt=\"\" width=\"64\" height=\"12\" \/><\/h4>\n<p class=\"Meta\">Postado por M\u00e1rcia Barrozo<\/p>\n<p>\u00d3timas imagens, escala sempre registrada, \u00edndice remissivo muiiiiiiiiito \u00fatil.<br \/>\nParab\u00e9ns pelo projeto como um todo!<\/p>\n<hr \/>\n<\/li>\n<\/ol>\n<\/div>\n<p>&nbsp;<\/p>\n<div style=\"text-align: center;\">\n<img decoding=\"async\" src=\"https:\/\/www.editoraplantasdobrasil.com.br\/loja-virtual\/wp-content\/uploads\/2019\/05\/seta_vermelha.png\" \/>\n<\/div>\n<p><center><\/p>\n<h3><font color=\"#FF0000\">Relan\u00e7amento!<\/font><\/h3>\n<p><\/center><\/p>\n<div style=\"clear: both;\"><\/div>\n<div style=\"clear: both;\"><\/div>\n<p>&nbsp;<\/p>\n<h3 style=\"text-align: center;\"><!--de <s><strong><span style=\"color: #16A086; font-size: 26px;\">R$239,00<\/span><\/strong><\/s> por -->apenas <strong><span style=\"color: #359200; font-size: 40px;\">R$249,00<\/span><\/strong><\/h3>\n<p><center><\/p>\n<p><i>Pague em at\u00e9 <strong>12x<\/strong><\/i><\/p>\n<p><\/center><\/p>\n<div style=\"clear: both;\"><\/div>\n<p>&nbsp;&nbsp;<br \/>\n<center><\/p>\n<h3><font color=\"#FF0000\">Hoje com <strong>FRETE GR\u00c1TIS<\/strong> para todo o pa\u00eds!<\/font><\/h3>\n<p>&nbsp;<\/p>\n<p align=\"center\"><a href=\"https:\/\/www.editoraplantasdobrasil.com.br\/loja-virtual\/vitrine\/?add-to-cart=631\" title=\"Clique aqui para comprar o livro: Plantas do Brasil - \u00c1rvores Nativas Vol.1\"><img decoding=\"async\" src=\"https:\/\/www.editoraplantasdobrasil.com.br\/loja-virtual\/wp-content\/uploads\/2019\/05\/comprar.gif\" \/><\/a><\/p>\n<p><img decoding=\"async\" src=\"https:\/\/www.editoraplantasdobrasil.com.br\/loja-virtual\/wp-content\/uploads\/2019\/05\/ambiente_seguro.jpg\"><\/p>\n<p><\/center><\/p>\n<div style=\"clear: both;\"><\/div>\n<p>&nbsp; &nbsp;<\/p>\n<div style=\"clear: both;\"><\/div>\n<p>&nbsp; &nbsp;<\/p>\n<div style=\"clear: both;\"><\/div>\n<p>&nbsp;&nbsp;<\/p>\n<p><center><\/p>\n<h3>D\u00favidas? Fale Conosco!<\/h3>\n<p><a href=\"https:\/\/api.whatsapp.com\/send?phone=5542999752772\" target=\"_blank\" rel=\"noopener noreferrer\">42 99975-2772<\/a> (Telefone e WhatsApp)<\/p>\n<p><a href=\"https:\/\/www.editoraplantasdobrasil.com.br\/loja-virtual\/fale-conosco\/\" title=\"Fale Conosco\" alt=\"Fale Conosco\"> Formul\u00e1rio de Contato<\/a><\/p>\n<p><\/center><\/p>\n","protected":false},"excerpt":{"rendered":"<p>UM GUIA DETALHADO PARA A IDENTIFICA\u00c7\u00c3O DE \u00c1RVORES DO BRASIL &nbsp; Relan\u00e7amento! &nbsp; apenas R$249,00 Pague em at\u00e9 12x &nbsp;&nbsp; Hoje com FRETE GR\u00c1TIS para todo o pa\u00eds! &nbsp; &nbsp; &nbsp;&nbsp; &nbsp;&nbsp; Apresenta\u00e7\u00e3o &nbsp; O presente volume, que d\u00e1 in\u00edcio \u00e0 s\u00e9rie &#8211; PLANTAS DO BRASIL &#8211; \u00c1RVORES NATIVAS &#8211; , abrange inicialmente 200 \u00e1rvores [&hellip;]<\/p>\n","protected":false},"author":1,"featured_media":0,"parent":0,"menu_order":0,"comment_status":"closed","ping_status":"closed","template":"","meta":{"content-type":"","_exactmetrics_skip_tracking":false,"_exactmetrics_sitenote_active":false,"_exactmetrics_sitenote_note":"","_exactmetrics_sitenote_category":0,"footnotes":""},"class_list":["post-102","page","type-page","status-publish","hentry"],"_links":{"self":[{"href":"https:\/\/www.editoraplantasdobrasil.com.br\/loja-virtual\/wp-json\/wp\/v2\/pages\/102","targetHints":{"allow":["GET"]}}],"collection":[{"href":"https:\/\/www.editoraplantasdobrasil.com.br\/loja-virtual\/wp-json\/wp\/v2\/pages"}],"about":[{"href":"https:\/\/www.editoraplantasdobrasil.com.br\/loja-virtual\/wp-json\/wp\/v2\/types\/page"}],"author":[{"embeddable":true,"href":"https:\/\/www.editoraplantasdobrasil.com.br\/loja-virtual\/wp-json\/wp\/v2\/users\/1"}],"replies":[{"embeddable":true,"href":"https:\/\/www.editoraplantasdobrasil.com.br\/loja-virtual\/wp-json\/wp\/v2\/comments?post=102"}],"version-history":[{"count":240,"href":"https:\/\/www.editoraplantasdobrasil.com.br\/loja-virtual\/wp-json\/wp\/v2\/pages\/102\/revisions"}],"predecessor-version":[{"id":12430,"href":"https:\/\/www.editoraplantasdobrasil.com.br\/loja-virtual\/wp-json\/wp\/v2\/pages\/102\/revisions\/12430"}],"wp:attachment":[{"href":"https:\/\/www.editoraplantasdobrasil.com.br\/loja-virtual\/wp-json\/wp\/v2\/media?parent=102"}],"curies":[{"name":"wp","href":"https:\/\/api.w.org\/{rel}","templated":true}]}}